{"id":75,"date":"2023-08-24T15:55:01","date_gmt":"2023-08-24T14:55:01","guid":{"rendered":"https:\/\/trebic-psychoterapie.com\/?page_id=75"},"modified":"2026-01-03T16:13:28","modified_gmt":"2026-01-03T15:13:28","slug":"cenik","status":"publish","type":"page","link":"https:\/\/trebic-psychoterapie.com\/index.php\/cenik\/","title":{"rendered":"Cen\u00edk"},"content":{"rendered":"\n<p>Poradensk\u00e1 a konzulta\u010dn\u00ed setk\u00e1n\u00ed mohou m\u00edt formu dlouhodob\u00e9 spolupr\u00e1ce nebo prob\u00edhat jednor\u00e1zov\u011b. Konzultace se hrad\u00ed po skon\u010den\u00ed sezen\u00ed p\u0159\u00edmou platbou v hotovosti,&nbsp;nelze ji hradit ze zdravotn\u00edho poji\u0161t\u011bn\u00ed. V\u00fdhodou je, \u017ee Va\u0161e \u00fadaje nebudou evidov\u00e1ny ve zdravotnick\u00e9 dokumentaci, ani p\u0159ed\u00e1ny \u017e\u00e1dn\u00e9 t\u0159et\u00ed stran\u011b. Nen\u00ed tak\u00e9 t\u0159eba doporu\u010den\u00ed l\u00e9ka\u0159e.&nbsp;<\/p>\n\n\n\n<p>Setk\u00e1n\u00ed je nutn\u00e9 v\u017edy domluvit p\u0159edem, telefonicky \u010di e-mailem, standardn\u00ed d\u00e9lka je 50 minut.&nbsp; Pokud se klient neomluv\u00ed d\u0159\u00edve, ne\u017e 24h p\u0159ed stanoven\u00fdm term\u00ednem, je konzultace \u00fa\u010dtov\u00e1na v pln\u00e9 v\u00fd\u0161i.<\/p>\n\n\n\n<ul>\n<li><strong>Osobn\u00ed<\/strong> <strong>konzultace<\/strong> 800K\u010d \/ 50 min.<\/li>\n\n\n\n<li><strong>Osobn\u00ed konzultace pro d\u011bti a mladistv\u00e9<\/strong>  900K\u010d \/ 50 min.<\/li>\n\n\n\n<li><strong>Spole\u010dn\u00e1 konzultace rodi\u010d-d\u00edt\u011b<\/strong> 1000K\u010d \/ 50 min.<\/li>\n\n\n\n<li><strong>Prodlou\u017een\u00e1 konzultace<\/strong> 1000K\u010d \/ 70 min.<\/li>\n\n\n\n<li><strong>Online konzultace<\/strong> 800K\u010d \/ 50 min.<\/li>\n<\/ul>\n\n\n\n<p>V p\u0159\u00edpad\u011b finan\u010dn\u011b n\u00e1ro\u010dn\u00e9 \u017eivotn\u00ed situace je mo\u017en\u00e9 dohodnout cenu mimo tento cen\u00edk<em>.&nbsp;<\/em>Honor\u00e1\u0159 i ostatn\u00ed podm\u00ednky spolupr\u00e1ce jsou p\u0159edm\u011btem rozhovoru na prvn\u00edm setk\u00e1n\u00ed, na kter\u00e9m bude dostatek prostoru mluvit o vz\u00e1jemn\u00e9m o\u010dek\u00e1v\u00e1n\u00ed a mo\u017enostech, je\u017e se nab\u00edz\u00ed.<\/p>\n","protected":false},"excerpt":{"rendered":"<p>Poradensk\u00e1 a konzulta\u010dn\u00ed setk\u00e1n\u00ed mohou m\u00edt formu dlouhodob\u00e9 spolupr\u00e1ce nebo prob\u00edhat jednor\u00e1zov\u011b. Konzultace se hrad\u00ed po skon\u010den\u00ed sezen\u00ed p\u0159\u00edmou platbou v hotovosti,&nbsp;nelze ji hradit ze zdravotn\u00edho poji\u0161t\u011bn\u00ed. V\u00fdhodou je, \u017ee Va\u0161e \u00fadaje nebudou evidov\u00e1ny ve zdravotnick\u00e9 dokumentaci, ani p\u0159ed\u00e1ny \u017e\u00e1dn\u00e9 t\u0159et\u00ed stran\u011b. Nen\u00ed tak\u00e9 t\u0159eba doporu\u010den\u00ed l\u00e9ka\u0159e.&nbsp; Setk\u00e1n\u00ed je nutn\u00e9 v\u017edy domluvit p\u0159edem, telefonicky \u010di &hellip; <\/p>\n<p class=\"link-more\"><a href=\"https:\/\/trebic-psychoterapie.com\/index.php\/cenik\/\" class=\"more-link\">Read more<span class=\"screen-reader-text\"> &#8222;Cen\u00edk&#8220;<\/span><\/a><\/p>\n","protected":false},"author":1,"featured_media":0,"parent":0,"menu_order":0,"comment_status":"closed","ping_status":"closed","template":"","meta":{"om_disable_all_campaigns":false,"_monsterinsights_skip_tracking":false,"_monsterinsights_sitenote_active":false,"_monsterinsights_sitenote_note":"","_monsterinsights_sitenote_category":0,"footnotes":""},"aioseo_notices":[],"_links":{"self":[{"href":"https:\/\/trebic-psychoterapie.com\/index.php\/wp-json\/wp\/v2\/pages\/75"}],"collection":[{"href":"https:\/\/trebic-psychoterapie.com\/index.php\/wp-json\/wp\/v2\/pages"}],"about":[{"href":"https:\/\/trebic-psychoterapie.com\/index.php\/wp-json\/wp\/v2\/types\/page"}],"author":[{"embeddable":true,"href":"https:\/\/trebic-psychoterapie.com\/index.php\/wp-json\/wp\/v2\/users\/1"}],"replies":[{"embeddable":true,"href":"https:\/\/trebic-psychoterapie.com\/index.php\/wp-json\/wp\/v2\/comments?post=75"}],"version-history":[{"count":27,"href":"https:\/\/trebic-psychoterapie.com\/index.php\/wp-json\/wp\/v2\/pages\/75\/revisions"}],"predecessor-version":[{"id":391,"href":"https:\/\/trebic-psychoterapie.com\/index.php\/wp-json\/wp\/v2\/pages\/75\/revisions\/391"}],"wp:attachment":[{"href":"https:\/\/trebic-psychoterapie.com\/index.php\/wp-json\/wp\/v2\/media?parent=75"}],"curies":[{"name":"wp","href":"https:\/\/api.w.org\/{rel}","templated":true}]}}