{"id":15,"date":"2023-08-16T13:25:01","date_gmt":"2023-08-16T12:25:01","guid":{"rendered":"https:\/\/trebic-psychoterapie.com\/?page_id=15"},"modified":"2023-11-22T18:45:36","modified_gmt":"2023-11-22T17:45:36","slug":"kontakt","status":"publish","type":"page","link":"https:\/\/trebic-psychoterapie.com\/index.php\/kontakt\/","title":{"rendered":"Kontakt"},"content":{"rendered":"\n<div class=\"wp-block-columns is-layout-flex wp-container-core-columns-is-layout-1 wp-block-columns-is-layout-flex\">\n<div class=\"wp-block-column is-layout-flow wp-block-column-is-layout-flow\">\t\t<div\n            id=\"wpmapblock_70ff5d50\"\n            data-settings='{&quot;map_marker&quot;:[{&quot;lat&quot;:&quot;49.226878260503824&quot;,&quot;lng&quot;:&quot;15.886836647987&quot;,&quot;title&quot;:&quot;T\\u0159eb\\u00ed\\u010d&quot;,&quot;content&quot;:&quot;&quot;,&quot;iconType&quot;:&quot;default&quot;,&quot;customIconUrl&quot;:&quot;&quot;,&quot;customIconWidth&quot;:&quot;25&quot;,&quot;customIconHeight&quot;:&quot;40&quot;}],&quot;map_zoom&quot;:&quot;12&quot;,&quot;scroll_wheel_zoom&quot;:false,&quot;map_type&quot;:&quot;GM&quot;,&quot;center_index&quot;:0}'\n            class=\"wpmapblockrender\"\n            style=\"\n\t\t\twidth: 100%;\n\t\t\theight: 274px;\n\t\t\"\n            >\n        <\/div>\n        <\/div>\n\n\n\n<div class=\"wp-block-column is-layout-flow wp-block-column-is-layout-flow\" style=\"flex-basis:50.8%\">\n<h3 class=\"wp-block-heading\">Mgr. Bc. Pavl\u00edna Bar\u00e1kov\u00e1:<\/h3>\n\n\n\n<ul>\n<li>T\u0159eb\u00ed\u010d 674 01, Krajinova 789\/42<\/li>\n\n\n\n<li>Email: pavlina.barakova@trebic-psychoterapie.com<\/li>\n\n\n\n<li>Tel.: +420 777 306 353 (po &#8211; \u010dt, 14:00 &#8211; 16:00)<\/li>\n<\/ul>\n<\/div>\n<\/div>\n","protected":false},"excerpt":{"rendered":"<p>Mgr. Bc. Pavl\u00edna Bar\u00e1kov\u00e1:<\/p>\n","protected":false},"author":1,"featured_media":0,"parent":0,"menu_order":0,"comment_status":"closed","ping_status":"closed","template":"","meta":{"om_disable_all_campaigns":false,"_monsterinsights_skip_tracking":false,"_monsterinsights_sitenote_active":false,"_monsterinsights_sitenote_note":"","_monsterinsights_sitenote_category":0,"footnotes":""},"aioseo_notices":[],"_links":{"self":[{"href":"https:\/\/trebic-psychoterapie.com\/index.php\/wp-json\/wp\/v2\/pages\/15"}],"collection":[{"href":"https:\/\/trebic-psychoterapie.com\/index.php\/wp-json\/wp\/v2\/pages"}],"about":[{"href":"https:\/\/trebic-psychoterapie.com\/index.php\/wp-json\/wp\/v2\/types\/page"}],"author":[{"embeddable":true,"href":"https:\/\/trebic-psychoterapie.com\/index.php\/wp-json\/wp\/v2\/users\/1"}],"replies":[{"embeddable":true,"href":"https:\/\/trebic-psychoterapie.com\/index.php\/wp-json\/wp\/v2\/comments?post=15"}],"version-history":[{"count":14,"href":"https:\/\/trebic-psychoterapie.com\/index.php\/wp-json\/wp\/v2\/pages\/15\/revisions"}],"predecessor-version":[{"id":361,"href":"https:\/\/trebic-psychoterapie.com\/index.php\/wp-json\/wp\/v2\/pages\/15\/revisions\/361"}],"wp:attachment":[{"href":"https:\/\/trebic-psychoterapie.com\/index.php\/wp-json\/wp\/v2\/media?parent=15"}],"curies":[{"name":"wp","href":"https:\/\/api.w.org\/{rel}","templated":true}]}}