{"id":14,"date":"2023-08-16T13:25:01","date_gmt":"2023-08-16T12:25:01","guid":{"rendered":"https:\/\/trebic-psychoterapie.com\/?page_id=14"},"modified":"2024-03-04T11:23:51","modified_gmt":"2024-03-04T10:23:51","slug":"o-mne","status":"publish","type":"page","link":"https:\/\/trebic-psychoterapie.com\/index.php\/o-mne\/","title":{"rendered":"O mn\u011b"},"content":{"rendered":"\n<div class=\"wp-block-columns is-layout-flex wp-container-core-columns-is-layout-1 wp-block-columns-is-layout-flex\">\n<div class=\"wp-block-column is-layout-flow wp-block-column-is-layout-flow\">\n<figure class=\"wp-block-image size-large\"><img loading=\"lazy\" decoding=\"async\" width=\"683\" height=\"1024\" src=\"https:\/\/trebic-psychoterapie.com\/wp-content\/uploads\/2023\/10\/IMG_3479-1-1-683x1024.jpg\" alt=\"\" class=\"wp-image-320\" srcset=\"https:\/\/trebic-psychoterapie.com\/wp-content\/uploads\/2023\/10\/IMG_3479-1-1-683x1024.jpg 683w, https:\/\/trebic-psychoterapie.com\/wp-content\/uploads\/2023\/10\/IMG_3479-1-1-200x300.jpg 200w, https:\/\/trebic-psychoterapie.com\/wp-content\/uploads\/2023\/10\/IMG_3479-1-1-768x1152.jpg 768w, https:\/\/trebic-psychoterapie.com\/wp-content\/uploads\/2023\/10\/IMG_3479-1-1-1024x1536.jpg 1024w, https:\/\/trebic-psychoterapie.com\/wp-content\/uploads\/2023\/10\/IMG_3479-1-1-1365x2048.jpg 1365w, https:\/\/trebic-psychoterapie.com\/wp-content\/uploads\/2023\/10\/IMG_3479-1-1-2000x3000.jpg 2000w, https:\/\/trebic-psychoterapie.com\/wp-content\/uploads\/2023\/10\/IMG_3479-1-1-scaled.jpg 1706w\" sizes=\"(max-width: 683px) 100vw, 683px\" \/><\/figure>\n<\/div>\n\n\n\n<div class=\"wp-block-column is-layout-flow wp-block-column-is-layout-flow\">\n<p>Jsem psychoterapeut ve v\u00fdcviku v logoterapii<br>a&nbsp;existenci\u00e1ln\u00ed anal\u00fdze, pracuji pod superviz\u00ed.<\/p>\n<\/div>\n<\/div>\n\n\n\n<h2 class=\"wp-block-heading\">Vzd\u011bl\u00e1n\u00ed a kvalifikace:<\/h2>\n\n\n\n<ul>\n<li>1994 \u2013 1997 bakal\u00e1\u0159sk\u00e9 studium O\u0161et\u0159ovatelstv\u00ed, l\u00e9ka\u0159sk\u00e1 fakulta Univerzity Palack\u00e9ho v Olomouci<\/li>\n\n\n\n<li>2000 \u2013 2002 akreditovan\u00fd kurz vyu\u010dovac\u00edho p\u0159edm\u011btu Etick\u00e1 v\u00fdchova, zakon\u010den st\u00e1tn\u00ed zkou\u0161kou<\/li>\n\n\n\n<li>2005 \u2013 2007 magistersk\u00e9 studium U\u010ditelstv\u00ed zdravotnick\u00fdch p\u0159edm\u011bt\u016f pro st\u0159edn\u00ed \u0161koly, 1. l\u00e9ka\u0159sk\u00e1 fakulta Univerzity Karlovy v Praze<\/li>\n\n\n\n<li>2014  vzd\u011bl\u00e1vac\u00ed program \u0160kola l\u00e1sky v rodin\u011b dle PhDr. Ji\u0159iny Prekopov\u00e9<\/li>\n\n\n\n<li>2019 vzd\u011bl\u00e1vac\u00ed program Metoda rozvoje kognitivn\u00edch funkc\u00ed R. Feuersteina FIE Standard I.<\/li>\n\n\n\n<li>2020 \u2013 dosud psychoterapeutick\u00fd v\u00fdcvik v logoterapii a existenci\u00e1ln\u00ed anal\u00fdze<\/li>\n<\/ul>\n\n\n\n<h2 class=\"wp-block-heading\">Praxe:<\/h2>\n\n\n\n<ul>\n<li>1997 \u2013 2003 d\u011btsk\u00e1 sestra na Jednotce intenzivn\u00ed a resuscita\u010dn\u00ed p\u00e9\u010de pro d\u011bti od 0 do 19ti let, Fakultn\u00ed nemocnice Olomouc<\/li>\n\n\n\n<li>2003 \u2013 2007 u\u010ditelka odborn\u00fdch p\u0159edm\u011bt\u016f a praxe na SZ\u0160 a VOZ\u0160 T\u0159eb\u00ed\u010d<\/li>\n\n\n\n<li>2007 \u2013 2008 vedouc\u00ed st\u0159ediska Paprsek nad\u011bje &#8211; centrum slu\u017eeb pro podporu du\u0161evn\u00edho zdrav\u00ed T\u0159eb\u00ed\u010d<\/li>\n\n\n\n<li>2008 \u2013 2016 mate\u0159sk\u00e1 \u201edovolen\u00e1\u201c aneb \u0161\u0165astn\u00e1 m\u00e1ma t\u0159\u00ed \u00fa\u017easn\u00fdch d\u011bt\u00ed, dosud a nav\u017edy:)<\/li>\n\n\n\n<li>2016 \u2013 2022 d\u011btsk\u00e1 a zdravotn\u00ed sestra v mobiln\u00edm hospici sv. Zdislavy, Charita T\u0159eb\u00ed\u010d<\/li>\n\n\n\n<li>2018 \u2013 dosud vyu\u010duj\u00edc\u00ed na Z\u0160 Otev\u0159mysl, T\u0159eb\u00ed\u010d<\/li>\n<\/ul>\n","protected":false},"excerpt":{"rendered":"<p>Jsem psychoterapeut ve v\u00fdcviku v logoterapiia&nbsp;existenci\u00e1ln\u00ed anal\u00fdze, pracuji pod superviz\u00ed. Vzd\u011bl\u00e1n\u00ed a kvalifikace: Praxe:<\/p>\n","protected":false},"author":1,"featured_media":12,"parent":0,"menu_order":0,"comment_status":"closed","ping_status":"closed","template":"","meta":{"om_disable_all_campaigns":false,"_monsterinsights_skip_tracking":false,"_monsterinsights_sitenote_active":false,"_monsterinsights_sitenote_note":"","_monsterinsights_sitenote_category":0,"footnotes":""},"aioseo_notices":[],"_links":{"self":[{"href":"https:\/\/trebic-psychoterapie.com\/index.php\/wp-json\/wp\/v2\/pages\/14"}],"collection":[{"href":"https:\/\/trebic-psychoterapie.com\/index.php\/wp-json\/wp\/v2\/pages"}],"about":[{"href":"https:\/\/trebic-psychoterapie.com\/index.php\/wp-json\/wp\/v2\/types\/page"}],"author":[{"embeddable":true,"href":"https:\/\/trebic-psychoterapie.com\/index.php\/wp-json\/wp\/v2\/users\/1"}],"replies":[{"embeddable":true,"href":"https:\/\/trebic-psychoterapie.com\/index.php\/wp-json\/wp\/v2\/comments?post=14"}],"version-history":[{"count":28,"href":"https:\/\/trebic-psychoterapie.com\/index.php\/wp-json\/wp\/v2\/pages\/14\/revisions"}],"predecessor-version":[{"id":370,"href":"https:\/\/trebic-psychoterapie.com\/index.php\/wp-json\/wp\/v2\/pages\/14\/revisions\/370"}],"wp:featuredmedia":[{"embeddable":true,"href":"https:\/\/trebic-psychoterapie.com\/index.php\/wp-json\/wp\/v2\/media\/12"}],"wp:attachment":[{"href":"https:\/\/trebic-psychoterapie.com\/index.php\/wp-json\/wp\/v2\/media?parent=14"}],"curies":[{"name":"wp","href":"https:\/\/api.w.org\/{rel}","templated":true}]}}