{"id":13,"date":"2023-08-16T13:25:01","date_gmt":"2023-08-16T12:25:01","guid":{"rendered":"https:\/\/trebic-psychoterapie.com\/?page_id=13"},"modified":"2023-11-22T18:47:56","modified_gmt":"2023-11-22T17:47:56","slug":"uvod","status":"publish","type":"page","link":"https:\/\/trebic-psychoterapie.com\/","title":{"rendered":"Psychoterapeutick\u00e9 poradenstv\u00ed"},"content":{"rendered":"\n<div class=\"wp-block-group\"><div class=\"wp-block-group__inner-container is-layout-constrained wp-block-group-is-layout-constrained\"><\/div><\/div>\n\n\n\n<div class=\"wp-block-group alignfull has-background\" style=\"background-color:#e5e9ec\"><div class=\"wp-block-group__inner-container is-layout-flow wp-block-group-is-layout-flow\">\n<div class=\"wp-block-columns is-layout-flex wp-container-core-columns-is-layout-1 wp-block-columns-is-layout-flex\">\n<div class=\"wp-block-column is-vertically-aligned-center is-layout-flow wp-block-column-is-layout-flow\">\n<h2 class=\"wp-block-heading\">O mn\u011b<\/h2>\n\n\n\n<p>Jsem psychoterapeut ve v\u00fdcviku v logoterapii a&nbsp;existenci\u00e1ln\u00ed anal\u00fdze, pracuji pod superviz\u00ed a d\u00e1le se vzd\u011bl\u00e1v\u00e1m.<\/p>\n\n\n\n<div class=\"wp-block-buttons is-horizontal is-content-justification-left is-layout-flex wp-container-core-buttons-is-layout-1 wp-block-buttons-is-layout-flex\">\n<div class=\"wp-block-button is-style-outline\"><a class=\"wp-block-button__link wp-element-button\" href=\"\/index.php\/o-mne\">O MN\u011a<\/a><\/div>\n<\/div>\n\n\n\n<p><\/p>\n<\/div>\n\n\n\n<div class=\"wp-block-column is-layout-flow wp-block-column-is-layout-flow\">\n<div style=\"height:48px\" aria-hidden=\"true\" class=\"wp-block-spacer\"><\/div>\n\n\n\n<figure class=\"wp-block-image size-large\"><img loading=\"lazy\" decoding=\"async\" width=\"683\" height=\"1024\" src=\"https:\/\/trebic-psychoterapie.com\/wp-content\/uploads\/2023\/10\/IMG_3479-1-683x1024.jpg\" alt=\"\" class=\"wp-image-315\" srcset=\"https:\/\/trebic-psychoterapie.com\/wp-content\/uploads\/2023\/10\/IMG_3479-1-683x1024.jpg 683w, https:\/\/trebic-psychoterapie.com\/wp-content\/uploads\/2023\/10\/IMG_3479-1-200x300.jpg 200w, https:\/\/trebic-psychoterapie.com\/wp-content\/uploads\/2023\/10\/IMG_3479-1-768x1152.jpg 768w, https:\/\/trebic-psychoterapie.com\/wp-content\/uploads\/2023\/10\/IMG_3479-1-1024x1536.jpg 1024w, https:\/\/trebic-psychoterapie.com\/wp-content\/uploads\/2023\/10\/IMG_3479-1-1365x2048.jpg 1365w, https:\/\/trebic-psychoterapie.com\/wp-content\/uploads\/2023\/10\/IMG_3479-1-2000x3000.jpg 2000w, https:\/\/trebic-psychoterapie.com\/wp-content\/uploads\/2023\/10\/IMG_3479-1-scaled.jpg 1706w\" sizes=\"(max-width: 683px) 100vw, 683px\" \/><\/figure>\n<\/div>\n<\/div>\n<\/div><\/div>\n\n\n\n<div class=\"wp-block-group alignfull\"><div class=\"wp-block-group__inner-container is-layout-flow wp-block-group-is-layout-flow\">\n<div class=\"wp-block-columns are-vertically-aligned-center is-layout-flex wp-container-core-columns-is-layout-2 wp-block-columns-is-layout-flex\">\n<div class=\"wp-block-column is-vertically-aligned-center is-layout-flow wp-block-column-is-layout-flow\">\n<div style=\"height:48px\" aria-hidden=\"true\" class=\"wp-block-spacer\"><\/div>\n\n\n\n<figure class=\"wp-block-image size-full\"><img loading=\"lazy\" decoding=\"async\" width=\"1000\" height=\"667\" src=\"https:\/\/trebic-psychoterapie.com\/wp-content\/uploads\/2023\/10\/web-foto-hrnek.jpg\" alt=\"\" class=\"wp-image-316\" srcset=\"https:\/\/trebic-psychoterapie.com\/wp-content\/uploads\/2023\/10\/web-foto-hrnek.jpg 1000w, https:\/\/trebic-psychoterapie.com\/wp-content\/uploads\/2023\/10\/web-foto-hrnek-300x200.jpg 300w, https:\/\/trebic-psychoterapie.com\/wp-content\/uploads\/2023\/10\/web-foto-hrnek-768x512.jpg 768w\" sizes=\"(max-width: 1000px) 100vw, 1000px\" \/><\/figure>\n<\/div>\n\n\n\n<div class=\"wp-block-column is-vertically-aligned-center is-layout-flow wp-block-column-is-layout-flow\">\n<h2 class=\"wp-block-heading\">Co nab\u00edz\u00edm<\/h2>\n\n\n\n<p>Nab\u00edz\u00edm bezpe\u010dn\u00fd, laskav\u00fd a p\u0159ij\u00edmaj\u00edc\u00ed p\u0159\u00edstup, s respektem k hodnot\u00e1m a \u017eivotn\u00edmu p\u0159\u00edb\u011bhu ka\u017ed\u00e9ho \u010dlov\u011bka. <\/p>\n\n\n\n<div class=\"wp-block-buttons is-layout-flex wp-block-buttons-is-layout-flex\">\n<div class=\"wp-block-button is-style-outline\"><a class=\"wp-block-button__link wp-element-button\" href=\"\/index.php\/sluzby\">SLU\u017dBY<\/a><\/div>\n<\/div>\n<\/div>\n<\/div>\n<\/div><\/div>\n\n\n\n<div class=\"wp-block-group alignfull has-black-background-color has-background\"><div class=\"wp-block-group__inner-container is-layout-flow wp-block-group-is-layout-flow\">\n<h2 class=\"wp-block-heading has-text-align-center has-white-color has-text-color\">Foto<\/h2>\n\n\n\n<figure class=\"wp-block-gallery aligncenter has-nested-images columns-default is-cropped wp-block-gallery-1 is-layout-flex wp-block-gallery-is-layout-flex\">\n<figure class=\"wp-block-image size-large\"><img loading=\"lazy\" decoding=\"async\" width=\"1024\" height=\"607\" src=\"https:\/\/trebic-psychoterapie.com\/wp-content\/uploads\/2023\/09\/hracky2-1024x607.jpg\" alt=\"\" class=\"wp-image-181\" srcset=\"https:\/\/trebic-psychoterapie.com\/wp-content\/uploads\/2023\/09\/hracky2-1024x607.jpg 1024w, https:\/\/trebic-psychoterapie.com\/wp-content\/uploads\/2023\/09\/hracky2-300x178.jpg 300w, https:\/\/trebic-psychoterapie.com\/wp-content\/uploads\/2023\/09\/hracky2-768x455.jpg 768w, https:\/\/trebic-psychoterapie.com\/wp-content\/uploads\/2023\/09\/hracky2-1536x910.jpg 1536w, https:\/\/trebic-psychoterapie.com\/wp-content\/uploads\/2023\/09\/hracky2-2048x1213.jpg 2048w, https:\/\/trebic-psychoterapie.com\/wp-content\/uploads\/2023\/09\/hracky2-2000x1185.jpg 2000w\" sizes=\"(max-width: 1024px) 100vw, 1024px\" \/><\/figure>\n\n\n\n<figure class=\"wp-block-image size-large\"><img loading=\"lazy\" decoding=\"async\" width=\"1024\" height=\"667\" src=\"https:\/\/trebic-psychoterapie.com\/wp-content\/uploads\/2023\/09\/stul-1024x667.jpg\" alt=\"\" class=\"wp-image-180\" srcset=\"https:\/\/trebic-psychoterapie.com\/wp-content\/uploads\/2023\/09\/stul-1024x667.jpg 1024w, https:\/\/trebic-psychoterapie.com\/wp-content\/uploads\/2023\/09\/stul-300x195.jpg 300w, https:\/\/trebic-psychoterapie.com\/wp-content\/uploads\/2023\/09\/stul-768x500.jpg 768w, https:\/\/trebic-psychoterapie.com\/wp-content\/uploads\/2023\/09\/stul-1536x1001.jpg 1536w, https:\/\/trebic-psychoterapie.com\/wp-content\/uploads\/2023\/09\/stul-2048x1334.jpg 2048w, https:\/\/trebic-psychoterapie.com\/wp-content\/uploads\/2023\/09\/stul-2000x1303.jpg 2000w\" sizes=\"(max-width: 1024px) 100vw, 1024px\" \/><\/figure>\n\n\n\n<figure class=\"wp-block-image size-large\"><img loading=\"lazy\" decoding=\"async\" width=\"1024\" height=\"768\" src=\"https:\/\/trebic-psychoterapie.com\/wp-content\/uploads\/2023\/09\/kresla1-1-1024x768.jpg\" alt=\"\" class=\"wp-image-178\" srcset=\"https:\/\/trebic-psychoterapie.com\/wp-content\/uploads\/2023\/09\/kresla1-1-1024x768.jpg 1024w, https:\/\/trebic-psychoterapie.com\/wp-content\/uploads\/2023\/09\/kresla1-1-300x225.jpg 300w, https:\/\/trebic-psychoterapie.com\/wp-content\/uploads\/2023\/09\/kresla1-1-768x576.jpg 768w, https:\/\/trebic-psychoterapie.com\/wp-content\/uploads\/2023\/09\/kresla1-1-1536x1152.jpg 1536w, https:\/\/trebic-psychoterapie.com\/wp-content\/uploads\/2023\/09\/kresla1-1-2048x1536.jpg 2048w, https:\/\/trebic-psychoterapie.com\/wp-content\/uploads\/2023\/09\/kresla1-1-2000x1500.jpg 2000w\" sizes=\"(max-width: 1024px) 100vw, 1024px\" \/><\/figure>\n<\/figure>\n<\/div><\/div>\n\n\n\n<div class=\"wp-block-cover alignfull has-parallax is-position-center-center\" style=\"min-height:375px;aspect-ratio:unset;\"><span aria-hidden=\"true\" class=\"wp-block-cover__background has-black-background-color has-background-dim-40 has-background-dim\"><\/span><div role=\"img\" class=\"wp-block-cover__image-background wp-image-24 has-parallax\" style=\"background-position:50% 50%;background-image:url(https:\/\/trebic-psychoterapie.com\/wp-content\/themes\/inspiro\/assets\/images\/StockSnap_89BQZ89TLH.jpg)\"><\/div><div class=\"wp-block-cover__inner-container is-layout-flow wp-block-cover-is-layout-flow\">\n<p class=\"has-text-align-center has-text-color has-huge-font-size\" style=\"color:#fffffa;line-height:1.1\"><strong>Cen\u00edk<\/strong><\/p>\n\n\n\n<p class=\"has-text-align-center\">Poradensk\u00e1 a konzulta\u010dn\u00ed setk\u00e1n\u00ed mohou m\u00edt formu dlouhodob\u00e9 spolupr\u00e1ce i jednor\u00e1zov\u00e9ho setk\u00e1n\u00ed.<\/p>\n\n\n\n<div class=\"wp-block-buttons is-horizontal is-content-justification-center is-layout-flex wp-container-core-buttons-is-layout-3 wp-block-buttons-is-layout-flex\">\n<div class=\"wp-block-button is-style-outline\"><a class=\"wp-block-button__link has-white-color has-text-color wp-element-button\" href=\"\/index.php\/cenik\/\">CEN\u00cdK<\/a><\/div>\n<\/div>\n<\/div><\/div>\n","protected":false},"excerpt":{"rendered":"<p>O mn\u011b Jsem psychoterapeut ve v\u00fdcviku v logoterapii a&nbsp;existenci\u00e1ln\u00ed anal\u00fdze, pracuji pod superviz\u00ed a d\u00e1le se vzd\u011bl\u00e1v\u00e1m. Co nab\u00edz\u00edm Nab\u00edz\u00edm bezpe\u010dn\u00fd, laskav\u00fd a p\u0159ij\u00edmaj\u00edc\u00ed p\u0159\u00edstup, s respektem k hodnot\u00e1m a \u017eivotn\u00edmu p\u0159\u00edb\u011bhu ka\u017ed\u00e9ho \u010dlov\u011bka. Foto<\/p>\n","protected":false},"author":1,"featured_media":12,"parent":0,"menu_order":0,"comment_status":"closed","ping_status":"closed","template":"","meta":{"om_disable_all_campaigns":false,"_monsterinsights_skip_tracking":false,"_monsterinsights_sitenote_active":false,"_monsterinsights_sitenote_note":"","_monsterinsights_sitenote_category":0,"footnotes":""},"aioseo_notices":[],"_links":{"self":[{"href":"https:\/\/trebic-psychoterapie.com\/index.php\/wp-json\/wp\/v2\/pages\/13"}],"collection":[{"href":"https:\/\/trebic-psychoterapie.com\/index.php\/wp-json\/wp\/v2\/pages"}],"about":[{"href":"https:\/\/trebic-psychoterapie.com\/index.php\/wp-json\/wp\/v2\/types\/page"}],"author":[{"embeddable":true,"href":"https:\/\/trebic-psychoterapie.com\/index.php\/wp-json\/wp\/v2\/users\/1"}],"replies":[{"embeddable":true,"href":"https:\/\/trebic-psychoterapie.com\/index.php\/wp-json\/wp\/v2\/comments?post=13"}],"version-history":[{"count":25,"href":"https:\/\/trebic-psychoterapie.com\/index.php\/wp-json\/wp\/v2\/pages\/13\/revisions"}],"predecessor-version":[{"id":364,"href":"https:\/\/trebic-psychoterapie.com\/index.php\/wp-json\/wp\/v2\/pages\/13\/revisions\/364"}],"wp:featuredmedia":[{"embeddable":true,"href":"https:\/\/trebic-psychoterapie.com\/index.php\/wp-json\/wp\/v2\/media\/12"}],"wp:attachment":[{"href":"https:\/\/trebic-psychoterapie.com\/index.php\/wp-json\/wp\/v2\/media?parent=13"}],"curies":[{"name":"wp","href":"https:\/\/api.w.org\/{rel}","templated":true}]}}