{"id":115,"date":"2023-08-31T12:36:08","date_gmt":"2023-08-31T10:36:08","guid":{"rendered":"https:\/\/trebic-psychoterapie.com\/index.php\/zasady-cookies-eu\/"},"modified":"2023-08-31T12:36:15","modified_gmt":"2023-08-31T10:36:15","slug":"zasady-cookies-eu","status":"publish","type":"page","link":"https:\/\/trebic-psychoterapie.com\/index.php\/zasady-cookies-eu\/","title":{"rendered":"Z\u00e1sady cookies (EU)"},"content":{"rendered":"\n<!-- Legal document generated by Complianz | GDPR\/CCPA Cookie Consent https:\/\/wordpress.org\/plugins\/complianz-gdpr -->\n<div id=\"cmplz-document\" class=\"cmplz-document cookie-statement cmplz-document-eu\"><p><i>Tyto Z\u00e1sady cookies byly naposledy aktualizov\u00e1ny 31 Srpen 2023 a vztahuj\u00ed se na ob\u010dany a osoby s trval\u00fdm pobytem v Evropsk\u00e9m hospod\u00e1\u0159sk\u00e9m prostoru.<\/i><br><\/p><h2>1. \u00davod<\/h2><p>Na\u0161e webov\u00e9 str\u00e1nky <a href=\"https:\/\/trebic-psychoterapie.com\">https:\/\/trebic-psychoterapie.com<\/a> (d\u00e1le jen \u201eweb\u201c) pou\u017e\u00edvaj\u00ed cookies a dal\u0161\u00ed souvisej\u00edc\u00ed technologie (pro usnadn\u011bn\u00ed jsou v\u0161echny technologie ozna\u010dov\u00e1ny jako \u201ecookies\u201c). Cookies tak\u00e9 vkl\u00e1daj\u00ed t\u0159et\u00ed strany, kter\u00e9 jsme zapojili. V n\u00ed\u017ee uveden\u00e9m dokumentu v\u00e1s informujeme o pou\u017e\u00edv\u00e1n\u00ed cookies na na\u0161em webu.<\/p><h2>2. Co jsou soubory cookies?<\/h2><p>Soubor cookie je mal\u00fd jednoduch\u00fd soubor, kter\u00fd je odesl\u00e1n spolu se str\u00e1nkami tohoto webu a ulo\u017een prohl\u00ed\u017ee\u010dem na pevn\u00fd disk po\u010d\u00edta\u010de nebo jin\u00e9ho za\u0159\u00edzen\u00ed. Informace v nich ulo\u017een\u00e9 mohou b\u00fdt vr\u00e1ceny na\u0161im server\u016fm nebo server\u016fm p\u0159\u00edslu\u0161n\u00fdch t\u0159et\u00edch stran b\u011bhem n\u00e1sledn\u00e9 n\u00e1v\u0161t\u011bvy.<\/p><h2>3. Co jsou skripty?<\/h2><p>Skript je \u010d\u00e1st programov\u00e9ho k\u00f3du, kter\u00fd slou\u017e\u00ed k tomu, aby na\u0161e webov\u00e9 str\u00e1nky fungovaly spr\u00e1vn\u011b a interaktivn\u011b. Tento k\u00f3d je spu\u0161t\u011bn na na\u0161em serveru nebo na va\u0161em za\u0159\u00edzen\u00ed.<\/p><h2>4. Co je to webov\u00fd maj\u00e1k?<\/h2><p>Webov\u00fd maj\u00e1k (nebo pixelov\u00e1 zna\u010dka) je mal\u00fd, neviditeln\u00fd kus textu nebo obr\u00e1zku na webu, kter\u00fd se pou\u017e\u00edv\u00e1 ke sledov\u00e1n\u00ed provozu na webu. Za t\u00edmto \u00fa\u010delem jsou r\u016fzn\u00e1 data o v\u00e1s ukl\u00e1d\u00e1na pomoc\u00ed webov\u00fdch maj\u00e1k\u016f.<\/p><h2>5. Cookies<\/h2><p class=\"cmplz-subtitle\">5.1 Technick\u00e9 nebo funk\u010dn\u00ed soubory cookies<\/p><p>N\u011bkter\u00e9 soubory cookies zaji\u0161\u0165uj\u00ed, \u017ee ur\u010dit\u00e9 \u010d\u00e1sti webu funguj\u00ed spr\u00e1vn\u011b a \u017ee va\u0161e u\u017eivatelsk\u00e9 preference z\u016fst\u00e1vaj\u00ed zn\u00e1m\u00e9. Um\u00edst\u011bn\u00edm funk\u010dn\u00edch soubor\u016f cookies usnad\u0148ujeme n\u00e1v\u0161t\u011bvu na\u0161ich webov\u00fdch str\u00e1nek. T\u00edmto zp\u016fsobem nemus\u00edte p\u0159i n\u00e1v\u0161t\u011bv\u011b na\u0161ich webov\u00fdch str\u00e1nek opakovan\u011b zad\u00e1vat stejn\u00e9 informace a nap\u0159\u00edklad polo\u017eky z\u016fstanou v n\u00e1kupn\u00edm ko\u0161\u00edku, dokud nezaplat\u00edte. Tyto cookies m\u016f\u017eeme um\u00edstit bez va\u0161eho souhlasu.<\/p><p class=\"cmplz-subtitle\">5.2 Statistick\u00e9 cookies<\/p><p>Statistick\u00e9 soubory cookies vyu\u017e\u00edv\u00e1me k optimalizaci webov\u00fdch str\u00e1nek pro na\u0161e u\u017eivatele. D\u00edky t\u011bmto statistick\u00fdm cookies z\u00edsk\u00e1v\u00e1me p\u0159ehled o pou\u017e\u00edv\u00e1n\u00ed na\u0161ich webov\u00fdch str\u00e1nek.&nbsp;\u017d\u00e1d\u00e1me v\u00e1s o povolen\u00ed k ukl\u00e1d\u00e1n\u00ed statistick\u00fdch soubor\u016f cookies.<\/p><p class=\"cmplz-subtitle\">5.3 Marketingov\u00e9\/Sledovac\u00ed cookies<\/p><p>Marketingov\u00e9\/sledovac\u00ed cookies jsou soubory cookies nebo jak\u00e1koli jin\u00e1 forma m\u00edstn\u00edho \u00falo\u017ei\u0161t\u011b, kter\u00e9 se pou\u017e\u00edvaj\u00ed k vytv\u00e1\u0159en\u00ed u\u017eivatelsk\u00fdch profil\u016f k zobrazov\u00e1n\u00ed reklamy nebo ke sledov\u00e1n\u00ed u\u017eivatele na tomto webu nebo na n\u011bkolika webech pro podobn\u00e9 marketingov\u00e9 \u00fa\u010dely.<\/p><h2>6. Um\u00edst\u011bn\u00e9 cookies<\/h2><div id=\"cmplz-cookies-overview\"><details class=\"cmplz-dropdown cmplz-service-desc cmplz-dropdown-cookiepolicy \">\n\t<summary class=\"cmplz-service-header\"><div>\n\t\t<h3>WordPress<\/h3>\n\t\t<p>Funk\u010dn\u00ed, nezbytn\u011b nutn\u00e9<\/p>\n\t\t<label for=\"cmplz_service_wordpress\" class=\"cmplz_consent_per_service_label\"><span class=\"screen-reader-text\">Consent to service wordpress<\/span><\/label>\n\t\t<input type=\"checkbox\" id=\"cmplz_service_wordpress\" class=\"cmplz-accept-service cmplz-hidden\" data-service=\"wordpress\" data-category=\"functional\"><\/div>\n\t<\/summary>\n\t<div class=\"cmplz-service-description\">\n\t\t<h4>U\u017e\u00edv\u00e1n\u00ed<\/h4>\n\t\t<p>Pou\u017e\u00edv\u00e1me WordPress pro v\u00fdvoj webov\u00fdch str\u00e1nek. <a target=\"_blank\" rel=\"noopener noreferrer nofollow\" href=\"https:\/\/cookiedatabase.org\/service\/wordpress\/\">\u010ct\u011bte v\u00edce<\/a><\/p>\n\t<\/div>\n\t<div class=\"cmplz-sharing-data\">\n\t\t<h4>Sd\u00edlen\u00ed \u00fadaj\u016f<\/h4>\n\t\t<p>Tato data nejsou sd\u00edlena s t\u0159et\u00edmi stranami.<\/p>\n\t<\/div>\n\t<div class=\"cookies-per-purpose\">\n    <div class=\"purpose\"><h4>Funk\u010dn\u00ed, nezbytn\u011b nutn\u00e9<\/h4><\/div>\n    <div class=\"name-header\">\n\t<h5>N\u00e1zev<\/h5>\n<\/div>\n<div class=\"name\"><a target=\"_blank\" rel=\"noopener noreferrer nofollow\" href=\"https:\/\/cookiedatabase.org\/cookie\/wordpress\/wpemojisettingssupports\/\">wpEmojiSettingsSupports<\/a><\/div>\n<div class=\"retention-header\">\n\t<h5>Expirace<\/h5>\n<\/div>\n<div class=\"retention\">relace<\/div>\n<div class=\"function-header\">\n\t<h5>Funkce<\/h5>\n<\/div>\n<div class=\"function\">Uchov\u00e1vat podrobnosti o prohl\u00ed\u017ee\u010di<\/div>\n<div class=\"name-header\">\n\t<h5>N\u00e1zev<\/h5>\n<\/div>\n<div class=\"name\"><a target=\"_blank\" rel=\"noopener noreferrer nofollow\" href=\"https:\/\/cookiedatabase.org\/cookie\/wordpress\/wordpress_test_cookie\/\">wordpress_test_cookie<\/a><\/div>\n<div class=\"retention-header\">\n\t<h5>Expirace<\/h5>\n<\/div>\n<div class=\"retention\">relace<\/div>\n<div class=\"function-header\">\n\t<h5>Funkce<\/h5>\n<\/div>\n<div class=\"function\">Z\u00edskat informace o tom, zda lze um\u00edstit soubory cookie<\/div>\n<div class=\"name-header\">\n\t<h5>N\u00e1zev<\/h5>\n<\/div>\n<div class=\"name\"><a target=\"_blank\" rel=\"noopener noreferrer nofollow\" href=\"https:\/\/cookiedatabase.org\/cookie\/wordpress\/wp-settings-time\/\">wp-settings-time-*<\/a><\/div>\n<div class=\"retention-header\">\n\t<h5>Expirace<\/h5>\n<\/div>\n<div class=\"retention\">1 rok<\/div>\n<div class=\"function-header\">\n\t<h5>Funkce<\/h5>\n<\/div>\n<div class=\"function\">Uchov\u00e1vat u\u017eivatelsk\u00e9 p\u0159edvolby<\/div>\n<div class=\"name-header\">\n\t<h5>N\u00e1zev<\/h5>\n<\/div>\n<div class=\"name\"><a target=\"_blank\" rel=\"noopener noreferrer nofollow\" href=\"https:\/\/cookiedatabase.org\/cookie\/wordpress\/wp-settings\/\">wp-settings-*<\/a><\/div>\n<div class=\"retention-header\">\n\t<h5>Expirace<\/h5>\n<\/div>\n<div class=\"retention\">trval\u00e9<\/div>\n<div class=\"function-header\">\n\t<h5>Funkce<\/h5>\n<\/div>\n<div class=\"function\">Uchov\u00e1vat u\u017eivatelsk\u00e9 p\u0159edvolby<\/div>\n<div class=\"name-header\">\n\t<h5>N\u00e1zev<\/h5>\n<\/div>\n<div class=\"name\"><a target=\"_blank\" rel=\"noopener noreferrer nofollow\" href=\"https:\/\/cookiedatabase.org\/cookie\/wordpress\/wordpress_logged_in_\/\">wordpress_logged_in_*<\/a><\/div>\n<div class=\"retention-header\">\n\t<h5>Expirace<\/h5>\n<\/div>\n<div class=\"retention\">trval\u00e9<\/div>\n<div class=\"function-header\">\n\t<h5>Funkce<\/h5>\n<\/div>\n<div class=\"function\">Uchov\u00e1vat p\u0159ihl\u00e1\u0161en\u00e9 u\u017eivatele<\/div>\n\n<\/div>\n<\/details>\n<details class=\"cmplz-dropdown cmplz-service-desc cmplz-dropdown-cookiepolicy \">\n\t<summary class=\"cmplz-service-header\"><div>\n\t\t<h3>Google Analytics<\/h3>\n\t\t<p>Statistick\u00e9<\/p>\n\t\t<label for=\"cmplz_service_google-analytics\" class=\"cmplz_consent_per_service_label\"><span class=\"screen-reader-text\">Consent to service google-analytics<\/span><\/label>\n\t\t<input type=\"checkbox\" id=\"cmplz_service_google-analytics\" class=\"cmplz-accept-service cmplz-hidden\" data-service=\"google-analytics\" data-category=\"functional\"><\/div>\n\t<\/summary>\n\t<div class=\"cmplz-service-description\">\n\t\t<h4>U\u017e\u00edv\u00e1n\u00ed<\/h4>\n\t\t<p>Pou\u017e\u00edv\u00e1me Google Analytics pro statistiky webov\u00fdch str\u00e1nek. <a target=\"_blank\" rel=\"noopener noreferrer nofollow\" href=\"https:\/\/cookiedatabase.org\/service\/google-analytics\/\">\u010ct\u011bte v\u00edce<\/a><\/p>\n\t<\/div>\n\t<div class=\"cmplz-sharing-data\">\n\t\t<h4>Sd\u00edlen\u00ed \u00fadaj\u016f<\/h4>\n\t\t<p>Dal\u0161\u00ed informace naleznete na <a target=\"_blank\" rel=\"noopener noreferrer nofollow\" href=\"https:\/\/policies.google.com\/privacy\">Google Analytics-Prohla\u0161en\u00ed o ochran\u011b osobn\u00edch \u00fadaj\u016f<\/a>.<\/p>\n\t<\/div>\n\t<div class=\"cookies-per-purpose\">\n    <div class=\"purpose\"><h4>Statistick\u00e9<\/h4><\/div>\n    <div class=\"name-header\">\n\t<h5>N\u00e1zev<\/h5>\n<\/div>\n<div class=\"name\"><a target=\"_blank\" rel=\"noopener noreferrer nofollow\" href=\"https:\/\/cookiedatabase.org\/cookie\/google-analytics\/_ga\/\">_ga<\/a><\/div>\n<div class=\"retention-header\">\n\t<h5>Expirace<\/h5>\n<\/div>\n<div class=\"retention\">2 roky<\/div>\n<div class=\"function-header\">\n\t<h5>Funkce<\/h5>\n<\/div>\n<div class=\"function\">Uchov\u00e1vat a po\u010d\u00edtat zobrazen\u00ed str\u00e1nek<\/div>\n<div class=\"name-header\">\n\t<h5>N\u00e1zev<\/h5>\n<\/div>\n<div class=\"name\"><a target=\"_blank\" rel=\"noopener noreferrer nofollow\" href=\"https:\/\/cookiedatabase.org\/cookie\/google-analytics\/_ga_\/\">_ga_*<\/a><\/div>\n<div class=\"retention-header\">\n\t<h5>Expirace<\/h5>\n<\/div>\n<div class=\"retention\">1 rok<\/div>\n<div class=\"function-header\">\n\t<h5>Funkce<\/h5>\n<\/div>\n<div class=\"function\">Uchov\u00e1vat a po\u010d\u00edtat zobrazen\u00ed str\u00e1nek<\/div>\n\n<\/div>\n<\/details>\n<details class=\"cmplz-dropdown cmplz-service-desc cmplz-dropdown-cookiepolicy \">\n\t<summary class=\"cmplz-service-header\"><div>\n\t\t<h3>LiteSpeed<\/h3>\n\t\t<p>Funk\u010dn\u00ed, nezbytn\u011b nutn\u00e9<\/p>\n\t\t<label for=\"cmplz_service_litespeed\" class=\"cmplz_consent_per_service_label\"><span class=\"screen-reader-text\">Consent to service litespeed<\/span><\/label>\n\t\t<input type=\"checkbox\" id=\"cmplz_service_litespeed\" class=\"cmplz-accept-service cmplz-hidden\" data-service=\"litespeed\" data-category=\"functional\"><\/div>\n\t<\/summary>\n\t<div class=\"cmplz-service-description\">\n\t\t<h4>U\u017e\u00edv\u00e1n\u00ed<\/h4>\n\t\t<p>Pou\u017e\u00edv\u00e1me LiteSpeed pro hosting webov\u00fdch str\u00e1nek. <a target=\"_blank\" rel=\"noopener noreferrer nofollow\" href=\"https:\/\/cookiedatabase.org\/service\/litespeed\/\">\u010ct\u011bte v\u00edce<\/a><\/p>\n\t<\/div>\n\t<div class=\"cmplz-sharing-data\">\n\t\t<h4>Sd\u00edlen\u00ed \u00fadaj\u016f<\/h4>\n\t\t<p>Tato data nejsou sd\u00edlena s t\u0159et\u00edmi stranami.<\/p>\n\t<\/div>\n\t<div class=\"cookies-per-purpose\">\n    <div class=\"purpose\"><h4>Funk\u010dn\u00ed, nezbytn\u011b nutn\u00e9<\/h4><\/div>\n    <div class=\"name-header\">\n\t<h5>N\u00e1zev<\/h5>\n<\/div>\n<div class=\"name\"><a target=\"_blank\" rel=\"noopener noreferrer nofollow\" href=\"https:\/\/cookiedatabase.org\/cookie\/litespeed\/_lscache_vary\/\">_lscache_vary<\/a><\/div>\n<div class=\"retention-header\">\n\t<h5>Expirace<\/h5>\n<\/div>\n<div class=\"retention\">2 dny<\/div>\n<div class=\"function-header\">\n\t<h5>Funkce<\/h5>\n<\/div>\n<div class=\"function\">Poskytnout prevenci str\u00e1nek ulo\u017een\u00fdch v mezipam\u011bti<\/div>\n\n<\/div>\n<\/details>\n<details class=\"cmplz-dropdown cmplz-service-desc cmplz-dropdown-cookiepolicy \">\n\t<summary class=\"cmplz-service-header\"><div>\n\t\t<h3>Google Fonts<\/h3>\n\t\t<p>Marketingov\u00e9<\/p>\n\t\t<label for=\"cmplz_service_google-fonts\" class=\"cmplz_consent_per_service_label\"><span class=\"screen-reader-text\">Consent to service google-fonts<\/span><\/label>\n\t\t<input type=\"checkbox\" id=\"cmplz_service_google-fonts\" class=\"cmplz-accept-service cmplz-hidden\" data-service=\"google-fonts\" data-category=\"functional\"><\/div>\n\t<\/summary>\n\t<div class=\"cmplz-service-description\">\n\t\t<h4>U\u017e\u00edv\u00e1n\u00ed<\/h4>\n\t\t<p>Pou\u017e\u00edv\u00e1me Google Fonts pro zobrazen\u00ed webfont\u016f. <a target=\"_blank\" rel=\"noopener noreferrer nofollow\" href=\"https:\/\/cookiedatabase.org\/service\/google-fonts\/\">\u010ct\u011bte v\u00edce<\/a><\/p>\n\t<\/div>\n\t<div class=\"cmplz-sharing-data\">\n\t\t<h4>Sd\u00edlen\u00ed \u00fadaj\u016f<\/h4>\n\t\t<p>Dal\u0161\u00ed informace naleznete na <a target=\"_blank\" rel=\"noopener noreferrer nofollow\" href=\"https:\/\/policies.google.com\/privacy\">Google Fonts-Prohla\u0161en\u00ed o ochran\u011b osobn\u00edch \u00fadaj\u016f<\/a>.<\/p>\n\t<\/div>\n\t<div class=\"cookies-per-purpose\">\n    <div class=\"purpose\"><h4>Marketingov\u00e9<\/h4><\/div>\n    <div class=\"name-header\">\n\t<h5>N\u00e1zev<\/h5>\n<\/div>\n<div class=\"name\"><a target=\"_blank\" rel=\"noopener noreferrer nofollow\" href=\"https:\/\/cookiedatabase.org\/cookie\/google-fonts\/tcb_google_fonts\/\">Google Fonts API<\/a><\/div>\n<div class=\"retention-header\">\n\t<h5>Expirace<\/h5>\n<\/div>\n<div class=\"retention\">vypr\u0161\u00ed okam\u017eit\u011b<\/div>\n<div class=\"function-header\">\n\t<h5>Funkce<\/h5>\n<\/div>\n<div class=\"function\">Z\u00edskat IP adresu<\/div>\n\n<\/div>\n<\/details>\n<details class=\"cmplz-dropdown cmplz-service-desc cmplz-dropdown-cookiepolicy \">\n\t<summary class=\"cmplz-service-header\"><div>\n\t\t<h3>Ostatn\u00ed<\/h3>\n\t\t<p>\u00da\u010del \u010dekaj\u00edc\u00ed na zji\u0161t\u011bn\u00ed<\/p>\n\t\t<label for=\"cmplz_service_ostatn\u00ed\" class=\"cmplz_consent_per_service_label\"><span class=\"screen-reader-text\">Consent to service ostatn\u00ed<\/span><\/label>\n\t\t<input type=\"checkbox\" id=\"cmplz_service_ostatn\u00ed\" class=\"cmplz-accept-service cmplz-hidden\" data-service=\"ostatn\u00ed\" data-category=\"functional\"><\/div>\n\t<\/summary>\n\t<div class=\"cmplz-service-description\">\n\t\t<h4>U\u017e\u00edv\u00e1n\u00ed<\/h4>\n\t\t<p><\/p>\n\t<\/div>\n\t<div class=\"cmplz-sharing-data\">\n\t\t<h4>Sd\u00edlen\u00ed \u00fadaj\u016f<\/h4>\n\t\t<p>Sd\u00edlen\u00ed \u00fadaj\u016f \u010dek\u00e1 na zji\u0161t\u011bn\u00ed<\/p>\n\t<\/div>\n\t<div class=\"cookies-per-purpose\">\n    <div class=\"purpose\"><h4>\u00da\u010del \u010dekaj\u00edc\u00ed na zji\u0161t\u011bn\u00ed<\/h4><\/div>\n    <div class=\"name-header\">\n\t<h5>N\u00e1zev<\/h5>\n<\/div>\n<div class=\"name\">add_page<\/div>\n<div class=\"retention-header\">\n\t<h5>Expirace<\/h5>\n<\/div>\n<div class=\"retention\"><\/div>\n<div class=\"function-header\">\n\t<h5>Funkce<\/h5>\n<\/div>\n<div class=\"function\"><\/div>\n<div class=\"name-header\">\n\t<h5>N\u00e1zev<\/h5>\n<\/div>\n<div class=\"name\">cmplz_consenttype<\/div>\n<div class=\"retention-header\">\n\t<h5>Expirace<\/h5>\n<\/div>\n<div class=\"retention\">365 dn\u016f<\/div>\n<div class=\"function-header\">\n\t<h5>Funkce<\/h5>\n<\/div>\n<div class=\"function\"><\/div>\n<div class=\"name-header\">\n\t<h5>N\u00e1zev<\/h5>\n<\/div>\n<div class=\"name\">cmplz_policy_id<\/div>\n<div class=\"retention-header\">\n\t<h5>Expirace<\/h5>\n<\/div>\n<div class=\"retention\">365 dn\u016f<\/div>\n<div class=\"function-header\">\n\t<h5>Funkce<\/h5>\n<\/div>\n<div class=\"function\"><\/div>\n<div class=\"name-header\">\n\t<h5>N\u00e1zev<\/h5>\n<\/div>\n<div class=\"name\">wp_lang<\/div>\n<div class=\"retention-header\">\n\t<h5>Expirace<\/h5>\n<\/div>\n<div class=\"retention\"><\/div>\n<div class=\"function-header\">\n\t<h5>Funkce<\/h5>\n<\/div>\n<div class=\"function\"><\/div>\n<div class=\"name-header\">\n\t<h5>N\u00e1zev<\/h5>\n<\/div>\n<div class=\"name\">onboarding-setup-store<\/div>\n<div class=\"retention-header\">\n\t<h5>Expirace<\/h5>\n<\/div>\n<div class=\"retention\"><\/div>\n<div class=\"function-header\">\n\t<h5>Funkce<\/h5>\n<\/div>\n<div class=\"function\"><\/div>\n\n<\/div>\n<\/details>\n<\/div><h2>7. Souhlas<\/h2><p>Kdy\u017e poprv\u00e9 nav\u0161t\u00edv\u00edte n\u00e1\u0161 web, uk\u00e1\u017eeme v\u00e1m vyskakovac\u00ed okno s\u00a0vysv\u011btlen\u00edm o\u00a0cookies. Jakmile kliknete na &#8222;Ulo\u017eit p\u0159edvolby&#8220;, vyjad\u0159ujete sv\u016fj souhlas s pou\u017e\u00edv\u00e1n\u00edm kategori\u00ed soubor\u016f cookies a\u00a0dopl\u0148k\u016f popsan\u00fdch ve vyskakovac\u00edm okn\u011b a v t\u011bchto Z\u00e1sad\u00e1ch cookies. Pou\u017e\u00edv\u00e1n\u00ed cookies m\u016f\u017eete zak\u00e1zat pomoc\u00ed sv\u00e9ho prohl\u00ed\u017ee\u010de, ale m\u011bjte na pam\u011bti, \u017ee na\u0161e webov\u00e9 str\u00e1nky ji\u017e nemus\u00ed fungovat spr\u00e1vn\u011b.<\/p><p class=\"cmplz-subtitle\">7.1 Spr\u00e1va nastaven\u00ed souhlasu<\/p><div id=\"cmplz-manage-consent-container-nojavascript\">Z\u00e1sady cookies jste na\u010detli bez podpory javascriptu.&nbsp;Na AMP m\u016f\u017eete pou\u017e\u00edt tla\u010d\u00edtko Spravovat souhlas ve spodn\u00ed \u010d\u00e1sti str\u00e1nky.<\/div><div id=\"cmplz-manage-consent-container\" name=\"cmplz-manage-consent-container\" class=\"cmplz-manage-consent-container\"><\/div><h2>8. Povolen\u00ed\/zak\u00e1z\u00e1n\u00ed a odstran\u011bn\u00ed cookies<\/h2><p>Pomoc\u00ed internetov\u00e9ho prohl\u00ed\u017ee\u010de m\u016f\u017eete automaticky nebo ru\u010dn\u011b mazat soubory cookies. M\u016f\u017eete tak\u00e9 ur\u010dit, \u017ee n\u011bkter\u00e9 soubory cookies nemus\u00ed b\u00fdt um\u00edst\u011bny. Dal\u0161\u00ed mo\u017enost\u00ed je zm\u011bnit nastaven\u00ed internetov\u00e9ho prohl\u00ed\u017ee\u010de tak, aby se v\u00e1m p\u0159i ka\u017ed\u00e9m ulo\u017een\u00ed souboru cookies zobrazila zpr\u00e1va. Dal\u0161\u00ed informace o t\u011bchto mo\u017enostech naleznete v N\u00e1pov\u011bd\u011b va\u0161eho prohl\u00ed\u017ee\u010de.<\/p><p>Vezm\u011bte pros\u00edm na v\u011bdom\u00ed, \u017ee n\u00e1\u0161 web nemus\u00ed fungovat spr\u00e1vn\u011b, pokud jsou deaktivov\u00e1ny v\u0161echny cookies. Pokud cookies sma\u017eete ve sv\u00e9m prohl\u00ed\u017ee\u010di, budou znovu um\u00edst\u011bny po va\u0161em souhlasu, kdy\u017e znovu nav\u0161t\u00edv\u00edte na\u0161e webov\u00e9 str\u00e1nky.<\/p><h2>9. Va\u0161e pr\u00e1va t\u00fdkaj\u00edc\u00ed se osobn\u00edch \u00fadaj\u016f<\/h2><p>Pokud jde o va\u0161e osobn\u00ed \u00fadaje, m\u00e1te n\u00e1sleduj\u00edc\u00ed pr\u00e1va:<\/p><ul>\n                    <li>M\u00e1te pr\u00e1vo v\u011bd\u011bt, pro\u010d jsou va\u0161e osobn\u00ed \u00fadaje pot\u0159ebn\u00e9, co se s nimi stane a jak dlouho budou uchov\u00e1ny.<\/li>\n                    <li>Pr\u00e1vo na p\u0159\u00edstup: M\u00e1te pr\u00e1vo na p\u0159\u00edstup k va\u0161im osobn\u00edm \u00fadaj\u016fm, kter\u00e9 jsou n\u00e1m zn\u00e1my.<\/li>\n                    <li>Pr\u00e1vo na opravu: M\u00e1te pr\u00e1vo doplnit, opravit, odstranit nebo zablokovat va\u0161e osobn\u00ed \u00fadaje, kdykoli budete cht\u00edt.<\/li>\n                    <li>Pokud n\u00e1m ud\u011bl\u00edte souhlas se zpracov\u00e1n\u00edm va\u0161ich \u00fadaj\u016f, m\u00e1te pr\u00e1vo tento souhlas odvolat a nechat va\u0161e osobn\u00ed \u00fadaje smazat.<\/li>\n                    <li>Pr\u00e1vo na p\u0159enos va\u0161ich \u00fadaj\u016f: M\u00e1te pr\u00e1vo vy\u017e\u00e1dat si od spr\u00e1vce v\u0161echny va\u0161e osobn\u00ed \u00fadaje a v cel\u00e9m rozsahu je p\u0159edat jin\u00e9mu spr\u00e1vci.<\/li>\n                    <li>Pr\u00e1vo na n\u00e1mitku: proti zpracov\u00e1n\u00ed va\u0161ich \u00fadaj\u016f m\u016f\u017eete nam\u00edtat. \u0158\u00edd\u00edme se t\u00edm, pokud neexistuj\u00ed opr\u00e1vn\u011bn\u00e9 d\u016fvody ke zpracov\u00e1n\u00ed.<\/li>\n                <\/ul><p>Pro uplatn\u011bn\u00ed t\u011bchto pr\u00e1v n\u00e1s pros\u00edm kontaktujte. Kontaktn\u00ed \u00fadaje najdete ve spodn\u00ed \u010d\u00e1sti t\u011bchto Z\u00e1sad\u00a0pou\u017e\u00edv\u00e1n\u00ed soubor\u016f cookies. M\u00e1te-li st\u00ed\u017enost na to, jak nakl\u00e1d\u00e1me s\u00a0va\u0161imi \u00fadaji, r\u00e1di bychom se o\u00a0tom dozv\u011bd\u011bli, ale m\u00e1te tak\u00e9 pr\u00e1vo podat st\u00ed\u017enost kontroln\u00edmu org\u00e1nu (\u00da\u0159adu pro ochranu osobn\u00edch \u00fadaj\u016f).<\/p><h2>10. Kontaktn\u00ed \u00fadaje<\/h2><p>V p\u0159\u00edpad\u011b dotaz\u016f nebo koment\u00e1\u0159\u016f ohledn\u011b na\u0161ich z\u00e1sad t\u00fdkaj\u00edc\u00edch se soubor\u016f cookies a\u00a0tohoto prohl\u00e1\u0161en\u00ed n\u00e1s pros\u00edm kontaktujte pomoc\u00ed n\u00e1sleduj\u00edc\u00edch kontaktn\u00edch \u00fadaj\u016f:<\/p><p><span class=\"cmplz-contact-organisation\">Pavl\u00edna Bar\u00e1kov\u00e1<\/span><br>\n                      <span class=\"cmplz-contact-address\">Krajinova, T\u0159eb\u00ed\u010d 674 01<\/span><br>\n                      <span class=\"cmplz-contact-country\">\u010cesk\u00e1 republika<\/span><br>\n                    Web: <span class=\"cmplz-contact-domain\"><a href=\"https:\/\/trebic-psychoterapie.com\">https:\/\/trebic-psychoterapie.com<\/a><\/span><br>\n                    E-mail: <span class=\"cmplz-contact-email\"><span class=\"cmplz-obfuscate\">p&#097;&#118;l&#105;na.&#098;a&#114;&#097;&#107;&#111;&#118;&#097;@<span class=\"cmplz-fmail-domain\">ex&#046;c&#111;&#109;<\/span>t&#114;e&#098;&#105;&#099;-&#112;&#115;y&#099;&#104;&#111;&#116;e&#114;ap&#105;e.&#099;om<\/span><\/span><br>\n                    <span class=\"cmplz-contact-telephone\"><\/span><\/p><p>Tyto Z\u00e1sady cookies byly synchronizov\u00e1ny s <a href=\"https:\/\/cookiedatabase.org\/\" target=\"_blank\">cookiedatabase.org<\/a> dne 31 Srpen 2023<\/p><\/div>","protected":false},"excerpt":{"rendered":"","protected":false},"author":1,"featured_media":0,"parent":0,"menu_order":0,"comment_status":"closed","ping_status":"closed","template":"","meta":{"om_disable_all_campaigns":false,"_monsterinsights_skip_tracking":false,"_monsterinsights_sitenote_active":false,"_monsterinsights_sitenote_note":"","_monsterinsights_sitenote_category":0,"footnotes":""},"aioseo_notices":[],"_links":{"self":[{"href":"https:\/\/trebic-psychoterapie.com\/index.php\/wp-json\/wp\/v2\/pages\/115"}],"collection":[{"href":"https:\/\/trebic-psychoterapie.com\/index.php\/wp-json\/wp\/v2\/pages"}],"about":[{"href":"https:\/\/trebic-psychoterapie.com\/index.php\/wp-json\/wp\/v2\/types\/page"}],"author":[{"embeddable":true,"href":"https:\/\/trebic-psychoterapie.com\/index.php\/wp-json\/wp\/v2\/users\/1"}],"replies":[{"embeddable":true,"href":"https:\/\/trebic-psychoterapie.com\/index.php\/wp-json\/wp\/v2\/comments?post=115"}],"version-history":[{"count":1,"href":"https:\/\/trebic-psychoterapie.com\/index.php\/wp-json\/wp\/v2\/pages\/115\/revisions"}],"predecessor-version":[{"id":116,"href":"https:\/\/trebic-psychoterapie.com\/index.php\/wp-json\/wp\/v2\/pages\/115\/revisions\/116"}],"wp:attachment":[{"href":"https:\/\/trebic-psychoterapie.com\/index.php\/wp-json\/wp\/v2\/media?parent=115"}],"curies":[{"name":"wp","href":"https:\/\/api.w.org\/{rel}","templated":true}]}}