{"id":104,"date":"2023-08-28T11:09:21","date_gmt":"2023-08-28T09:09:21","guid":{"rendered":"https:\/\/trebic-psychoterapie.com\/?page_id=104"},"modified":"2023-11-22T18:46:24","modified_gmt":"2023-11-22T17:46:24","slug":"sluzby","status":"publish","type":"page","link":"https:\/\/trebic-psychoterapie.com\/index.php\/sluzby\/","title":{"rendered":"Co nab\u00edz\u00edm"},"content":{"rendered":"\n<p>Poskytuji psychoterapeutick\u00e9 poradenstv\u00ed. C\u00edlem psychoterapie je zm\u00edrnit nebo odstranit pot\u00ed\u017ee klienta. Do terapie je mo\u017en\u00e9 p\u0159in\u00e9st cokoliv, co V\u00e1m br\u00e1n\u00ed v opravdov\u011bj\u0161\u00edm nebo pln\u011bj\u0161\u00edm pro\u017e\u00edv\u00e1n\u00ed \u017eivota, nap\u0159\u00edklad:<\/p>\n\n\n\n<div class=\"wp-block-columns is-layout-flex wp-container-core-columns-is-layout-1 wp-block-columns-is-layout-flex\">\n<div class=\"wp-block-column is-layout-flow wp-block-column-is-layout-flow\">\n<ul>\n<li>\u00fazkost, strach, stres, deprese, frustrace<\/li>\n\n\n\n<li>nedostatek sebe\u00facty a sebehodnoty<\/li>\n\n\n\n<li>\u017eivotn\u00ed traumata<\/li>\n\n\n\n<li>syndrom vyho\u0159en\u00ed<\/li>\n\n\n\n<li>spiritu\u00e1ln\u00ed str\u00e1d\u00e1n\u00ed<\/li>\n\n\n\n<li>nevyhovuj\u00edc\u00ed partnersk\u00e9 a mezilidsk\u00e9 vztahy<\/li>\n\n\n\n<li>\u017eivotn\u00ed a v\u00fdvojov\u00e9 krize<\/li>\n\n\n\n<li>existenci\u00e1ln\u00ed ot\u00e1zky (ztr\u00e1ta smyslu \u017eivota, radosti\u2026)<\/li>\n\n\n\n<li>osobn\u00ed rozvoj a sebep\u0159ijet\u00ed<\/li>\n\n\n\n<li>a dal\u0161\u00ed psychick\u00e9 a vztahov\u00e9 probl\u00e9my<\/li>\n<\/ul>\n<\/div>\n\n\n\n<div class=\"wp-block-column is-layout-flow wp-block-column-is-layout-flow\">\n<figure class=\"wp-block-image size-full is-style-default\"><img loading=\"lazy\" decoding=\"async\" width=\"1000\" height=\"667\" src=\"https:\/\/trebic-psychoterapie.com\/wp-content\/uploads\/2023\/10\/web-foto-hrnek-1.jpg\" alt=\"\" class=\"wp-image-323\" srcset=\"https:\/\/trebic-psychoterapie.com\/wp-content\/uploads\/2023\/10\/web-foto-hrnek-1.jpg 1000w, https:\/\/trebic-psychoterapie.com\/wp-content\/uploads\/2023\/10\/web-foto-hrnek-1-300x200.jpg 300w, https:\/\/trebic-psychoterapie.com\/wp-content\/uploads\/2023\/10\/web-foto-hrnek-1-768x512.jpg 768w\" sizes=\"(max-width: 1000px) 100vw, 1000px\" \/><\/figure>\n<\/div>\n<\/div>\n\n\n\n<p>Nab\u00edz\u00edm bezpe\u010dn\u00fd, laskav\u00fd a p\u0159ij\u00edmaj\u00edc\u00ed p\u0159\u00edstup, s respektem k hodnot\u00e1m a \u017eivotn\u00edmu p\u0159\u00edb\u011bhu ka\u017ed\u00e9ho \u010dlov\u011bka. Pracuji s klientem formou rovnom\u011brn\u00e9ho partnerstv\u00ed, nevystupuji v roli pom\u00e1haj\u00edc\u00ed autority nebo experta na klient\u016fv \u017eivot. Sna\u017e\u00edm se v\u00e9st klienta k objeven\u00ed jeho vlastn\u00edch zdroj\u016f. V\u011b\u0159\u00edm v to, \u017ee ka\u017ed\u00fd \u010dlov\u011bk m\u00e1 obrovsk\u00fd potenci\u00e1l porozum\u011bt s\u00e1m sob\u011b a m\u00e1 schopnost zm\u011bnit sv\u00e9 z\u00e1kladn\u00ed \u017eivotn\u00ed postoje, sebepojet\u00ed, pro\u017e\u00edv\u00e1n\u00ed a&nbsp;chov\u00e1n\u00ed.&nbsp;Bohat\u00e9 a r\u016fznorod\u00e9 profesn\u00ed zku\u0161enosti m\u011b vedou k pro\u017e\u00edv\u00e1n\u00ed \u017eivota ze \u0161ir\u0161\u00edho \u00fahlu a&nbsp;nadhledu, hled\u00e1n\u00ed prav\u00fdch, hlubok\u00fdch hodnot, a&nbsp;st\u00e1vaj\u00ed se tak ned\u00edlnou sou\u010d\u00e1st\u00ed m\u00e9 pr\u00e1ce s klienty v r\u00e1mci psychoterapeutick\u00e9ho poradenstv\u00ed.<\/p>\n\n\n\n<p>Specializuji se zejm\u00e9na na p\u00e9\u010di o klienty pracuj\u00edc\u00ed v pom\u00e1haj\u00edc\u00edch profes\u00edch a na paliativn\u00ed p\u00e9\u010di, tzn. p\u00e9\u010di o pe\u010duj\u00edc\u00ed osoby, jak ve f\u00e1zi doprov\u00e1zen\u00ed bl\u00edzk\u00e9ho \u010dlov\u011bka v termin\u00e1ln\u00edm stadiu \u017eivota, tak v dob\u011b truchlen\u00ed.<\/p>\n\n\n\n<p>Sv\u00e9 slu\u017eby nab\u00edz\u00edm dosp\u011bl\u00fdm, d\u011btem a dosp\u00edvaj\u00edc\u00edm.<\/p>\n\n\n\n<p>P\u0159i pr\u00e1ci s klienty se \u0159\u00edd\u00edm <a href=\"https:\/\/czap.cz\/resources\/Documents\/eticke-zasady-eap_2019.pdf\" target=\"_blank\" rel=\"noopener\" title=\"Etick\u00fdm kodexem\">Etick\u00fdm kodexem<\/a> \u010cesk\u00e9 asociace pro psychoterapii a z\u00e1konn\u00fdmi normami.&nbsp;<\/p>\n","protected":false},"excerpt":{"rendered":"<p>Poskytuji psychoterapeutick\u00e9 poradenstv\u00ed. C\u00edlem psychoterapie je zm\u00edrnit nebo odstranit pot\u00ed\u017ee klienta. Do terapie je mo\u017en\u00e9 p\u0159in\u00e9st cokoliv, co V\u00e1m br\u00e1n\u00ed v opravdov\u011bj\u0161\u00edm nebo pln\u011bj\u0161\u00edm pro\u017e\u00edv\u00e1n\u00ed \u017eivota, nap\u0159\u00edklad: Nab\u00edz\u00edm bezpe\u010dn\u00fd, laskav\u00fd a p\u0159ij\u00edmaj\u00edc\u00ed p\u0159\u00edstup, s respektem k hodnot\u00e1m a \u017eivotn\u00edmu p\u0159\u00edb\u011bhu ka\u017ed\u00e9ho \u010dlov\u011bka. Pracuji s klientem formou rovnom\u011brn\u00e9ho partnerstv\u00ed, nevystupuji v roli pom\u00e1haj\u00edc\u00ed autority nebo experta &hellip; <\/p>\n<p class=\"link-more\"><a href=\"https:\/\/trebic-psychoterapie.com\/index.php\/sluzby\/\" class=\"more-link\">Read more<span class=\"screen-reader-text\"> &#8222;Co nab\u00edz\u00edm&#8220;<\/span><\/a><\/p>\n","protected":false},"author":1,"featured_media":0,"parent":0,"menu_order":0,"comment_status":"closed","ping_status":"closed","template":"","meta":{"om_disable_all_campaigns":false,"_monsterinsights_skip_tracking":false,"_monsterinsights_sitenote_active":false,"_monsterinsights_sitenote_note":"","_monsterinsights_sitenote_category":0,"footnotes":""},"aioseo_notices":[],"_links":{"self":[{"href":"https:\/\/trebic-psychoterapie.com\/index.php\/wp-json\/wp\/v2\/pages\/104"}],"collection":[{"href":"https:\/\/trebic-psychoterapie.com\/index.php\/wp-json\/wp\/v2\/pages"}],"about":[{"href":"https:\/\/trebic-psychoterapie.com\/index.php\/wp-json\/wp\/v2\/types\/page"}],"author":[{"embeddable":true,"href":"https:\/\/trebic-psychoterapie.com\/index.php\/wp-json\/wp\/v2\/users\/1"}],"replies":[{"embeddable":true,"href":"https:\/\/trebic-psychoterapie.com\/index.php\/wp-json\/wp\/v2\/comments?post=104"}],"version-history":[{"count":32,"href":"https:\/\/trebic-psychoterapie.com\/index.php\/wp-json\/wp\/v2\/pages\/104\/revisions"}],"predecessor-version":[{"id":357,"href":"https:\/\/trebic-psychoterapie.com\/index.php\/wp-json\/wp\/v2\/pages\/104\/revisions\/357"}],"wp:attachment":[{"href":"https:\/\/trebic-psychoterapie.com\/index.php\/wp-json\/wp\/v2\/media?parent=104"}],"curies":[{"name":"wp","href":"https:\/\/api.w.org\/{rel}","templated":true}]}}